{"id":7112,"date":"2024-11-01T10:12:07","date_gmt":"2024-11-01T13:12:07","guid":{"rendered":"https:\/\/palavras-i-paraules.com.br\/?page_id=7112"},"modified":"2025-10-17T20:42:55","modified_gmt":"2025-10-17T23:42:55","slug":"frases-feitas","status":"publish","type":"page","link":"https:\/\/palavras-i-paraules.com.br\/ca\/frases-feitas\/","title":{"rendered":"Frases feitas catal\u00e3s"},"content":{"rendered":"<p>Hem preferit traduir les frases de la manera m\u00e9s literal possible per tal de poder mostrar quins elements utilitza cada cultura per expressar un concepte determinat. Per tant, no adoptem l'estrat\u00e8gia de traduir frases fetes d'una llengua a frases fetes equivalents de l'altra.<\/p>\n\n\n\n<h3 class=\"wp-block-heading\" style=\"font-size:28px\"><a href=\"https:\/\/palavras-i-paraules.com.br\/ca\/frases-freitas-catalas-sobre-o-amor\/\">Amor<\/a><\/h3>\n\n\n\n<h3 class=\"wp-block-heading\"><a href=\"https:\/\/palavras-i-paraules.com.br\/ca\/frases-feitas-catalas-aparencia-pessoal\/\">Aparen\u00e7a personal<\/a><\/h3>\n\n\n\n<h3 class=\"wp-block-heading\"><a href=\"https:\/\/palavras-i-paraules.com.br\/ca\/frases-feitas-catalas-sobre-comida-e-bebida\/\">Menjar i beguda<\/a><\/h3>\n\n\n\n<h3 class=\"wp-block-heading\"><a href=\"https:\/\/palavras-i-paraules.com.br\/ca\/frases-feitas-catalas-relacao-entre-duas-coisas\/\">Comparaci\u00f3<\/a><\/h3>\n\n\n\n<h3 class=\"wp-block-heading\"><a href=\"https:\/\/palavras-i-paraules.com.br\/ca\/frases-feitas-catalas-comunicacao\/\">Comunicaci\u00f3 oral i escrita<\/a><\/h3>\n\n\n\n<h3 class=\"wp-block-heading\"><a href=\"https:\/\/palavras-i-paraules.com.br\/ca\/frases-feitas-catalas-sobre-entendimento\/\">Coneixements mentals i pr\u00e0ctics<\/a><\/h3>\n\n\n\n<h3 class=\"wp-block-heading\"><a href=\"https:\/\/palavras-i-paraules.com.br\/ca\/frases-feitas-catalas-sobre-convivio-social\/\">Conviv\u00e8ncia social<\/a><\/h3>\n\n\n\n<h3 class=\"wp-block-heading\"><a href=\"https:\/\/palavras-i-paraules.com.br\/ca\/frases-feitas-catalas-que-fazem-referencia-ao-corpo-humano\/\">Cos hum\u00e0<\/a><\/h3>\n\n\n\n<h3 class=\"wp-block-heading\"><a href=\"https:\/\/palavras-i-paraules.com.br\/ca\/frases-feitas-catalas-sobre-dinheiro\/\">Diners<\/a><\/h3>\n\n\n\n<h3 class=\"wp-block-heading\"><a href=\"https:\/\/palavras-i-paraules.com.br\/ca\/frases-feitas-catalas-sobre-tapeacao\/\">Ast\u00facia i credulitat<\/a><\/h3>\n\n\n\n<h3 class=\"wp-block-heading\"><a href=\"https:\/\/palavras-i-paraules.com.br\/ca\/frases-feitas-catalas-relacionadas-com-emocoes\/\">Estats d'esperit<\/a><\/h3>\n\n\n\n<h3 class=\"wp-block-heading\"><a href=\"https:\/\/palavras-i-paraules.com.br\/ca\/frases-feitas-catalas-etica\/\">\u00c8tica<\/a><\/h3>\n\n\n\n<h3 class=\"wp-block-heading\"><a href=\"https:\/\/palavras-i-paraules.com.br\/ca\/frases-feitas-catalas-dificuldade\/\">Facilitat i dificultat<\/a><\/h3>\n\n\n\n<h3 class=\"wp-block-heading\"><a href=\"https:\/\/palavras-i-paraules.com.br\/ca\/frases-feitas-catalas-sobre-o-casamento\/\">Fam\u00edlia<\/a><\/h3>\n\n\n\n<h3 class=\"wp-block-heading\"><a href=\"https:\/\/palavras-i-paraules.com.br\/ca\/frases-feitas-catalas-fantasia\/\">Fantasia<\/a><\/h3>\n\n\n\n<h3 class=\"wp-block-heading\"><a href=\"https:\/\/palavras-i-paraules.com.br\/ca\/frases-feitas-catalas-agressividade\/\">Hostilitat<\/a><\/h3>\n\n\n\n<h3 class=\"wp-block-heading\"><a href=\"https:\/\/palavras-i-paraules.com.br\/ca\/frases-feitas-brasileiras-sobre-juizo\/\">Seny<\/a><\/h3>\n\n\n\n<h3 class=\"wp-block-heading\"><a href=\"https:\/\/palavras-i-paraules.com.br\/ca\/frases-feitas-catalas-morte\/\">Mort<\/a><\/h3>\n\n\n\n<h3 class=\"wp-block-heading\"><a href=\"https:\/\/palavras-i-paraules.com.br\/ca\/frases-feitas-catalas-movimento\/\">Moviment<\/a><\/h3>\n\n\n\n<h3 class=\"wp-block-heading\"><a href=\"https:\/\/palavras-i-paraules.com.br\/ca\/natureza\/\">Natura<\/a><\/h3>\n\n\n\n<h3 class=\"wp-block-heading\"><a href=\"https:\/\/palavras-i-paraules.com.br\/ca\/frases-feitas-catalao-qualidade\/\">Qualitat<\/a><\/h3>\n\n\n\n<h3 class=\"wp-block-heading\"><a href=\"https:\/\/palavras-i-paraules.com.br\/ca\/frases-feitas-catalas-sobre-quantidade\/\">Quantitat<\/a><\/h3>\n\n\n\n<h3 class=\"wp-block-heading\"><a href=\"https:\/\/palavras-i-paraules.com.br\/ca\/frases-feitas-catalas-religiao\/\">Religi\u00f3<\/a><\/h3>\n\n\n\n<h3 class=\"wp-block-heading\"><a href=\"https:\/\/palavras-i-paraules.com.br\/ca\/frases-feitas-catalas-risco\/\">Risc<\/a><\/h3>\n\n\n\n<h3 class=\"wp-block-heading\"><a href=\"https:\/\/palavras-i-paraules.com.br\/ca\/frases-feitas-sobre-saude\/\">Salut<\/a><\/h3>\n\n\n\n<h3 class=\"wp-block-heading\"><a href=\"https:\/\/palavras-i-paraules.com.br\/ca\/frases-feitas-catalas-sobre-o-sexo\/\">Sexualitat<\/a><\/h3>\n\n\n\n<h3 class=\"wp-block-heading\"><a href=\"https:\/\/palavras-i-paraules.com.br\/ca\/frases-feitas-catalas-sobre-a-sorte-e-o-azar\/\">Sort i dissort<\/a><\/h3>\n\n\n\n<h3 class=\"wp-block-heading\"><a href=\"https:\/\/palavras-i-paraules.com.br\/ca\/frases-feitas-catalas-sobre-fracasso-e-sucesso\/\">Succ\u00e9s i insucc\u00e9s<\/a><\/h3>\n\n\n\n<h3 class=\"wp-block-heading\" style=\"font-size:28px\"><a href=\"https:\/\/palavras-i-paraules.com.br\/ca\/frases-feitas-catalas-tempo-cronologico\/\">Temps (cronol\u00f2gic)<\/a>)<\/h3>\n\n\n\n<h3 class=\"wp-block-heading\"><a href=\"https:\/\/palavras-i-paraules.com.br\/ca\/tipos-de-pessoas-catalunha\/\">Tipus de persones<\/a><\/h3>\n\n\n\n<h3 class=\"wp-block-heading\"><a href=\"https:\/\/palavras-i-paraules.com.br\/ca\/frases-feitas-catalas-trabalho\/\">Treball<\/a><\/h3>\n\n\n\n<h3 class=\"wp-block-heading\"><a href=\"https:\/\/palavras-i-paraules.com.br\/ca\/frases-feitas-catalas-desejo\/\">Voluntat<\/a><\/h3>","protected":false},"excerpt":{"rendered":"<p>Preferimos traduzir as frases da forma mais literal poss\u00edvel a fim de conseguir transmitir a quais elementos cada cultura recorre quando deseja exprimir determinado conceito. Portanto, n\u00e3o adotamos a estrat\u00e9gia de traduzir as frases feitas de uma l\u00edngua pelas frases feitas equivalentes da outra l\u00edngua. Amor Apar\u00eancia pessoal Comida e bebida Compara\u00e7\u00e3o Comunica\u00e7\u00e3o oral e&hellip; <a class=\"more-link\" href=\"https:\/\/palavras-i-paraules.com.br\/ca\/frases-feitas\/\">Continueu llegint <span class=\"screen-reader-text\">Frases feitas catal\u00e3s<\/span><\/a><\/p>","protected":false},"author":9,"featured_media":0,"parent":0,"menu_order":0,"comment_status":"closed","ping_status":"closed","template":"","meta":{"footnotes":""},"class_list":["post-7112","page","type-page","status-publish","hentry","entry"],"_links":{"self":[{"href":"https:\/\/palavras-i-paraules.com.br\/ca\/wp-json\/wp\/v2\/pages\/7112","targetHints":{"allow":["GET"]}}],"collection":[{"href":"https:\/\/palavras-i-paraules.com.br\/ca\/wp-json\/wp\/v2\/pages"}],"about":[{"href":"https:\/\/palavras-i-paraules.com.br\/ca\/wp-json\/wp\/v2\/types\/page"}],"author":[{"embeddable":true,"href":"https:\/\/palavras-i-paraules.com.br\/ca\/wp-json\/wp\/v2\/users\/9"}],"replies":[{"embeddable":true,"href":"https:\/\/palavras-i-paraules.com.br\/ca\/wp-json\/wp\/v2\/comments?post=7112"}],"version-history":[{"count":22,"href":"https:\/\/palavras-i-paraules.com.br\/ca\/wp-json\/wp\/v2\/pages\/7112\/revisions"}],"predecessor-version":[{"id":9277,"href":"https:\/\/palavras-i-paraules.com.br\/ca\/wp-json\/wp\/v2\/pages\/7112\/revisions\/9277"}],"wp:attachment":[{"href":"https:\/\/palavras-i-paraules.com.br\/ca\/wp-json\/wp\/v2\/media?parent=7112"}],"curies":[{"name":"wp","href":"https:\/\/api.w.org\/{rel}","templated":true}]}}