{"id":7093,"date":"2024-10-30T22:27:55","date_gmt":"2024-10-31T01:27:55","guid":{"rendered":"https:\/\/palavras-i-paraules.com.br\/?page_id=7093"},"modified":"2025-02-08T16:07:03","modified_gmt":"2025-02-08T19:07:03","slug":"cultura-popular-brasileira","status":"publish","type":"page","link":"https:\/\/palavras-i-paraules.com.br\/ca\/cultura-popular-brasileira\/","title":{"rendered":"Llegendes brasileres"},"content":{"rendered":"<h3 class=\"wp-block-heading has-text-align-center\"><strong>La Caipora<\/strong><\/h3>\n\n\n\n<div class=\"wp-block-media-text alignwide is-stacked-on-mobile\" style=\"grid-template-columns:29% auto\"><figure class=\"wp-block-media-text__media\"><img loading=\"lazy\" decoding=\"async\" width=\"800\" height=\"794\" src=\"https:\/\/palavras-i-paraules.com.br\/wp-content\/uploads\/2025\/02\/Caipora.jpg\" alt=\"\" class=\"wp-image-7718 size-full\" srcset=\"https:\/\/palavras-i-paraules.com.br\/wp-content\/uploads\/2025\/02\/Caipora.jpg 800w, https:\/\/palavras-i-paraules.com.br\/wp-content\/uploads\/2025\/02\/Caipora-300x298.jpg 300w, https:\/\/palavras-i-paraules.com.br\/wp-content\/uploads\/2025\/02\/Caipora-150x150.jpg 150w, https:\/\/palavras-i-paraules.com.br\/wp-content\/uploads\/2025\/02\/Caipora-768x762.jpg 768w, https:\/\/palavras-i-paraules.com.br\/wp-content\/uploads\/2025\/02\/Caipora-12x12.jpg 12w\" sizes=\"auto, (max-width: 800px) 100vw, 800px\" \/><\/figure><div class=\"wp-block-media-text__content\">\n<p>Al mig de la selva brasilera, hi viu la Caipora. D\u2019acord amb la mitologia tup\u00ed-guaran\u00ed, \u00e9s un \u00e9sser fant\u00e0stic, encarregat de protegir la selva i els animals que hi viuen. Caipora, en tup\u00ed-guaran\u00edi, vol dir habitant de la selva .<\/p>\n\n\n\n<p>La seva aparen\u00e7a canvia segons la regi\u00f3 del Brasil. Hi ha llocs on \u00e9s una b\u00e8stia pilosa. En d\u2019altres, adquireix la forma d\u2019una \u00edndia petita, de pell fosca, cabells roigs i nua. Pot ser, tamb\u00e9, un indi vell i pil\u00f3s. Est\u00e0 sempre muntada en un tipus de porc senglar i porta una vara a la m\u00e0.&nbsp;<\/p>\n\n\n\n<p>La Caipora \u00e9s molt eixerida, i s\u2019amaga tan b\u00e9 que \u00e9s molt dif\u00edcil veure-la. Hi ha vegades que passa tan de pressa que la persona nom\u00e9s sent una r\u00e0fega de vent, per\u00f2 no! \u00c9s la Caipora! Tamb\u00e9 imita perfectament els crits dels animals i els cants dels ocells; tu et penses que est\u00e0s sentint el guacamai, per\u00f2 no! \u00c9s la Caipora.<\/p>\n\n\n\n<p>Ella \u00e9s la guardiana de la vida animal salvatge. Ginya tota mena de trampa al ca\u00e7ador, sobretot al que abat m\u00e9s animals del que necessita. Foragita les preses, apallissa els gossos de ca\u00e7a, i simula els sorolls de les b\u00e8sties per tal de desorientar els ca\u00e7adors. Hi ha vegades que els fa dormir, i quan es desperten, s\u00f3n a dalt d\u2019un arbre! Xiula, espetega les branques, i aix\u00ed els fa perdre el cam\u00ed. Segons la creen\u00e7a popular, \u00e9s principalment als divendres, als diumenges i als dies sants, que no fa profit sortir a la ca\u00e7a, perqu\u00e8 la Caipora est\u00e0 m\u00e9s atenta que mai. Per\u00f2 hi ha una manera d\u2019enganyar-la. A ella li agrada molt\u00edssim el tabac. Aix\u00ed, abans de sortir per ca\u00e7ar al bosc, en una nit de dijous, cal deixar-li tabac de mastegar en un tronc d\u2019arbre i dir en veu alta: \u201cPren-ne, Caipora, deixa anar-me'n\u201d. La bona sort d\u2019un ca\u00e7ador \u00e9s atribu\u00efda als regals que aquest li ofereix.<\/p>\n<\/div><\/div>\n\n\n\n<p>Imatge:<\/p>\n\n\n\n<p><a href=\"https:\/\/pt.wikipedia.org\/wiki\/Caipora\">https:\/\/pt.wikipedia.org\/wiki\/Caipora<\/a><\/p>\n\n\n\n<figure class=\"wp-block-image size-full\"><img loading=\"lazy\" decoding=\"async\" width=\"700\" height=\"150\" src=\"https:\/\/palavras-i-paraules.com.br\/wp-content\/uploads\/2025\/02\/separador.gif\" alt=\"\" class=\"wp-image-7684\"\/><\/figure>\n\n\n\n<p><\/p>","protected":false},"excerpt":{"rendered":"<p>A Caipora A Caipora \u00e9 um ser fant\u00e1stico que vive no meio da floresta brasileira. Segundo a mitologia tupi-guarani, \u00e9 respons\u00e1vel por proteger a floresta e os animais que nela vivem. Caipora, em tupi-guarani, significa \u201chabitante da floresta\u201d. A sua apar\u00eancia muda conforme a regi\u00e3o do Brasil. Em alguns lugares \u00e9 um animal peludo. Em&hellip; <a class=\"more-link\" href=\"https:\/\/palavras-i-paraules.com.br\/ca\/cultura-popular-brasileira\/\">Continueu llegint <span class=\"screen-reader-text\">Llegendes brasileres<\/span><\/a><\/p>","protected":false},"author":9,"featured_media":0,"parent":0,"menu_order":0,"comment_status":"closed","ping_status":"closed","template":"","meta":{"footnotes":""},"class_list":["post-7093","page","type-page","status-publish","hentry","entry"],"_links":{"self":[{"href":"https:\/\/palavras-i-paraules.com.br\/ca\/wp-json\/wp\/v2\/pages\/7093","targetHints":{"allow":["GET"]}}],"collection":[{"href":"https:\/\/palavras-i-paraules.com.br\/ca\/wp-json\/wp\/v2\/pages"}],"about":[{"href":"https:\/\/palavras-i-paraules.com.br\/ca\/wp-json\/wp\/v2\/types\/page"}],"author":[{"embeddable":true,"href":"https:\/\/palavras-i-paraules.com.br\/ca\/wp-json\/wp\/v2\/users\/9"}],"replies":[{"embeddable":true,"href":"https:\/\/palavras-i-paraules.com.br\/ca\/wp-json\/wp\/v2\/comments?post=7093"}],"version-history":[{"count":10,"href":"https:\/\/palavras-i-paraules.com.br\/ca\/wp-json\/wp\/v2\/pages\/7093\/revisions"}],"predecessor-version":[{"id":7724,"href":"https:\/\/palavras-i-paraules.com.br\/ca\/wp-json\/wp\/v2\/pages\/7093\/revisions\/7724"}],"wp:attachment":[{"href":"https:\/\/palavras-i-paraules.com.br\/ca\/wp-json\/wp\/v2\/media?parent=7093"}],"curies":[{"name":"wp","href":"https:\/\/api.w.org\/{rel}","templated":true}]}}