{"id":6149,"date":"2024-06-10T18:50:47","date_gmt":"2024-06-10T21:50:47","guid":{"rendered":"https:\/\/palavras-i-paraules.com.br\/?page_id=6149"},"modified":"2024-06-10T22:03:03","modified_gmt":"2024-06-11T01:03:03","slug":"onomatopeias","status":"publish","type":"page","link":"https:\/\/palavras-i-paraules.com.br\/ca\/onomatopeias\/","title":{"rendered":"Onomatopeies"},"content":{"rendered":"<div style=\"height:5px\" aria-hidden=\"true\" class=\"wp-block-spacer\"><\/div>\n\n\n\n<p class=\"has-text-align-center\"><strong>Animals<\/strong> <strong>- Comparaci\u00f3 dels sons entre el portugu\u00e8s i el catal\u00e0<\/strong><\/p>\n\n\n\n<figure class=\"wp-block-table\"><table><tbody><tr><td class=\"has-text-align-center\" data-align=\"center\"><strong>Animal<\/strong><\/td><td class=\"has-text-align-center\" data-align=\"center\"><strong>Catal\u00e0<\/strong><\/td><td class=\"has-text-align-center\" data-align=\"center\"><strong><strong>Portugu\u00e8s<\/strong><\/strong><\/td><\/tr><tr><td class=\"has-text-align-center\" data-align=\"center\">Abella<\/td><td class=\"has-text-align-center\" data-align=\"center\">zum zum <br>zzzz<\/td><td class=\"has-text-align-center\" data-align=\"center\">bzzzz<\/td><\/tr><tr><td class=\"has-text-align-center\" data-align=\"center\">Oreneta<\/td><td class=\"has-text-align-center\" data-align=\"center\">txiriu-txiriu<br>txi-txi<\/td><td class=\"has-text-align-center\" data-align=\"center\">pi pi pi<\/td><\/tr><tr><td class=\"has-text-align-center\" data-align=\"center\">Arara<\/td><td class=\"has-text-align-center\" data-align=\"center\">gu\u00e0 gu\u00e0<br>screech<\/td><td class=\"has-text-align-center\" data-align=\"center\">arara<\/td><\/tr><tr><td class=\"has-text-align-center\" data-align=\"center\">Colibr\u00ed <\/td><td class=\"has-text-align-center\" data-align=\"center\">bzzz<br>zzzz<\/td><td class=\"has-text-align-center\" data-align=\"center\">tri tri tri<\/td><\/tr><tr><td class=\"has-text-align-center\" data-align=\"center\">Borinot<\/td><td class=\"has-text-align-center\" data-align=\"center\">zum zum zum<br>zzzz<\/td><td class=\"has-text-align-center\" data-align=\"center\">zum zum zum<\/td><\/tr><tr><td class=\"has-text-align-center\" data-align=\"center\">Burro<\/td><td class=\"has-text-align-center\" data-align=\"center\">ih\u00e0 ih\u00e0<br>ih\u00f2 ih\u00f2<\/td><td class=\"has-text-align-center\" data-align=\"center\">iny\u00f2\u00f2\u00f2 iny\u00f2\u00f2\u00f2<\/td><\/tr><tr><td class=\"has-text-align-center\" data-align=\"center\">Cabra<\/td><td class=\"has-text-align-center\" data-align=\"center\">b\u00e8\u00e8\u00e8<\/td><td class=\"has-text-align-center\" data-align=\"center\">b\u00e8\u00e8\u00e8<\/td><\/tr><tr><td class=\"has-text-align-center\" data-align=\"center\">Gos<\/td><td class=\"has-text-align-center\" data-align=\"center\">bup bup<\/td><td class=\"has-text-align-center\" data-align=\"center\">au au au<\/td><\/tr><tr><td class=\"has-text-align-center\" data-align=\"center\">Canari<\/td><td class=\"has-text-align-center\" data-align=\"center\">txiu txiu<\/td><td class=\"has-text-align-center\" data-align=\"center\">triiiim<\/td><\/tr><tr><td class=\"has-text-align-center\" data-align=\"center\">Cavall<\/td><td class=\"has-text-align-center\" data-align=\"center\">hIhihihi iiii<\/td><td class=\"has-text-align-center\" data-align=\"center\">iiirrrr\u00ed <br>rilinchin<\/td><\/tr><tr><td class=\"has-text-align-center\" data-align=\"center\">Cigala<\/td><td class=\"has-text-align-center\" data-align=\"center\">zun zum <\/td><td class=\"has-text-align-center\" data-align=\"center\">cr cr<br>gri gri<\/td><\/tr><tr><td class=\"has-text-align-center\" data-align=\"center\">Serp<\/td><td class=\"has-text-align-center\" data-align=\"center\">ssssss<\/td><td class=\"has-text-align-center\" data-align=\"center\">ssssss<\/td><\/tr><tr><td class=\"has-text-align-center\" data-align=\"center\">Conill<\/td><td class=\"has-text-align-center\" data-align=\"center\">cric cric<\/td><td class=\"has-text-align-center\" data-align=\"center\">iiii iiiii<\/td><\/tr><tr><td class=\"has-text-align-center\" data-align=\"center\">\u00d2liba<\/td><td class=\"has-text-align-center\" data-align=\"center\">xit <br>xut<\/td><td class=\"has-text-align-center\" data-align=\"center\">uuh uuh<\/td><\/tr><tr><td class=\"has-text-align-center\" data-align=\"center\">Corb<\/td><td class=\"has-text-align-center\" data-align=\"center\">cra cra<\/td><td class=\"has-text-align-center\" data-align=\"center\">croac croac<\/td><\/tr><tr><td class=\"has-text-align-center\" data-align=\"center\">Elefant<\/td><td class=\"has-text-align-center\" data-align=\"center\">bramul<br>barranc<\/td><td class=\"has-text-align-center\" data-align=\"center\">fuumm uuuuh<\/td><\/tr><tr><td class=\"has-text-align-center\" data-align=\"center\">Gavina<\/td><td class=\"has-text-align-center\" data-align=\"center\">kri kri<\/td><td class=\"has-text-align-center\" data-align=\"center\">iiih<br>cu\u00e0 cu\u00e0<\/td><\/tr><tr><td class=\"has-text-align-center\" data-align=\"center\">Gallina <\/td><td class=\"has-text-align-center\" data-align=\"center\">cloc cloc<\/td><td class=\"has-text-align-center\" data-align=\"center\">coc\u00f2<br>cocoroc\u00f2<\/td><\/tr><tr><td class=\"has-text-align-center\" data-align=\"center\">Gall<\/td><td class=\"has-text-align-center\" data-align=\"center\">quiquiriquic<br>coccorococ<\/td><td class=\"has-text-align-center\" data-align=\"center\">cocoric\u00f3<br>cocoroc\u00f2<\/td><\/tr><tr><td class=\"has-text-align-center\" data-align=\"center\">Gat<\/td><td class=\"has-text-align-center\" data-align=\"center\">m\u00e8u <br>mau<br>miau<br>marram\u00e8u<\/td><td class=\"has-text-align-center\" data-align=\"center\">miau<\/td><\/tr><tr><td class=\"has-text-align-center\" data-align=\"center\">Grill<\/td><td class=\"has-text-align-center\" data-align=\"center\">ric ric<br>cric cric<\/td><td class=\"has-text-align-center\" data-align=\"center\">cri cri cri<br>gri gri gri<\/td><\/tr><tr><td class=\"has-text-align-center\" data-align=\"center\">Senglar<\/td><td class=\"has-text-align-center\" data-align=\"center\">gruny<br>gnuf<br>ull<\/td><td class=\"has-text-align-center\" data-align=\"center\">oinc oinc<br>iiihhh<\/td><\/tr><tr><td class=\"has-text-align-center\" data-align=\"center\">Lle\u00f3<\/td><td class=\"has-text-align-center\" data-align=\"center\">graaa graaau<\/td><td class=\"has-text-align-center\" data-align=\"center\">roar<br>grrrr<\/td><\/tr><tr><td class=\"has-text-align-center\" data-align=\"center\">Llop<\/td><td class=\"has-text-align-center\" data-align=\"center\">auuuu<\/td><td class=\"has-text-align-center\" data-align=\"center\">auuuu<\/td><\/tr><tr><td class=\"has-text-align-center\" data-align=\"center\">Mona<\/td><td class=\"has-text-align-center\" data-align=\"center\">xiu xiu<br>uii uii<\/td><td class=\"has-text-align-center\" data-align=\"center\">u u \u00e0 \u00e0<\/td><\/tr><tr><td class=\"has-text-align-center\" data-align=\"center\">Mussol<\/td><td class=\"has-text-align-center\" data-align=\"center\">uuu uuu<\/td><td class=\"has-text-align-center\" data-align=\"center\"><\/td><\/tr><tr><td class=\"has-text-align-center\" data-align=\"center\">Ratapinyada<\/td><td class=\"has-text-align-center\" data-align=\"center\">swwww<\/td><td class=\"has-text-align-center\" data-align=\"center\">ti ti ti ti<\/td><\/tr><tr><td class=\"has-text-align-center\" data-align=\"center\">Mosca<\/td><td class=\"has-text-align-center\" data-align=\"center\">zzzz<br>bzzz<\/td><td class=\"has-text-align-center\" data-align=\"center\">zzzz<\/td><\/tr><tr><td class=\"has-text-align-center\" data-align=\"center\">Ovella<\/td><td class=\"has-text-align-center\" data-align=\"center\">b\u00e8\u00e8\u00e8\u00e8<\/td><td class=\"has-text-align-center\" data-align=\"center\">m\u00e8\u00e8\u00e8\u00e8<\/td><\/tr><tr><td class=\"has-text-align-center\" data-align=\"center\">Lloro<\/td><td class=\"has-text-align-center\" data-align=\"center\">kiuk<br>qui qui<\/td><td class=\"has-text-align-center\" data-align=\"center\">currupaco paco<br>crr\u00e0c crr\u00e0c<\/td><\/tr><tr><td class=\"has-text-align-center\" data-align=\"center\">Ocellet<\/td><td class=\"has-text-align-center\" data-align=\"center\">piu piu<\/td><td class=\"has-text-align-center\" data-align=\"center\">piu piu<\/td><\/tr><tr><td class=\"has-text-align-center\" data-align=\"center\">\u00c0nec<\/td><td class=\"has-text-align-center\" data-align=\"center\">nyec nyec<br> mec mec <br>clac clac<\/td><td class=\"has-text-align-center\" data-align=\"center\">qu\u00e0 qu\u00e0<\/td><\/tr><tr><td class=\"has-text-align-center\" data-align=\"center\">Mosquit<\/td><td class=\"has-text-align-center\" data-align=\"center\">zzzz<br>bzzzz<\/td><td class=\"has-text-align-center\" data-align=\"center\">zzzzz zum zum<\/td><\/tr><tr><td class=\"has-text-align-center\" data-align=\"center\">Gall dindi<\/td><td class=\"has-text-align-center\" data-align=\"center\">glu glu glu<\/td><td class=\"has-text-align-center\" data-align=\"center\">glu glu glu<\/td><\/tr><tr><td class=\"has-text-align-center\" data-align=\"center\">Colom<\/td><td class=\"has-text-align-center\" data-align=\"center\">parrup<br>marruc<br>corruc<\/td><td class=\"has-text-align-center\" data-align=\"center\">crruu crruu<\/td><\/tr><tr><td class=\"has-text-align-center\" data-align=\"center\">Porc<\/td><td class=\"has-text-align-center\" data-align=\"center\">rony<\/td><td class=\"has-text-align-center\" data-align=\"center\">oinc oinc<br>iiihhh<\/td><\/tr><tr><td class=\"has-text-align-center\" data-align=\"center\">Guineu<\/td><td class=\"has-text-align-center\" data-align=\"center\">gekkering<\/td><td class=\"has-text-align-center\" data-align=\"center\">rrrrrrrr<\/td><\/tr><tr><td class=\"has-text-align-center\" data-align=\"center\">Rata<\/td><td class=\"has-text-align-center\" data-align=\"center\">rac rac<br>rec rec<\/td><td class=\"has-text-align-center\" data-align=\"center\">quiiii<br>chiii chiiii<\/td><\/tr><tr><td class=\"has-text-align-center\" data-align=\"center\">Rossinyol<\/td><td class=\"has-text-align-center\" data-align=\"center\">txi txi<br>fli fli<br>jiu jiu<\/td><td class=\"has-text-align-center\" data-align=\"center\">piu piu tiu tiu<\/td><\/tr><tr><td class=\"has-text-align-center\" data-align=\"center\">Gripau<\/td><td class=\"has-text-align-center\" data-align=\"center\">rac rac<br>roc roc<br>rau rau<\/td><td class=\"has-text-align-center\" data-align=\"center\">croac croac<\/td><\/tr><tr><td class=\"has-text-align-center\" data-align=\"center\">Os<\/td><td class=\"has-text-align-center\" data-align=\"center\">rr\u00f2s rr\u00f2s<\/td><td class=\"has-text-align-center\" data-align=\"center\">ruuu<br>roar<\/td><\/tr><tr><td class=\"has-text-align-center\" data-align=\"center\">Vaca, bou<\/td><td class=\"has-text-align-center\" data-align=\"center\">muuu<\/td><td class=\"has-text-align-center\" data-align=\"center\">muuu<\/td><\/tr><\/tbody><\/table><\/figure>\n\n\n\n<div style=\"height:15px\" aria-hidden=\"true\" class=\"wp-block-spacer\"><\/div>\n\n\n\n<p class=\"has-text-align-center\"><strong>Persones<\/strong> &#8211; <strong>Comparaci\u00f3 dels sons entre el portugu\u00e8s i el catal\u00e0<\/strong><\/p>\n\n\n\n<figure class=\"wp-block-table aligncenter\"><table><tbody><tr><td><strong>Fet<\/strong><\/td><td><strong>Catal\u00e0<\/strong><\/td><td><strong>Portugu\u00e8s<\/strong><\/td><\/tr><tr><td>Beure<\/td><td>glup<\/td><td>glub glub <\/td><\/tr><tr><td> Pet\u00f3<\/td><td>mu\u00e0<br>muac<br>txuic<br>xuic<\/td><td>chu\u00e0c <br>smack<\/td><\/tr><tr><td> Badall<\/td><td>u\u00e0<\/td><td>uaah<\/td><\/tr><tr><td> Bufada<\/td><td>fff<br>fuu<\/td><td>fuuu<br>pff<\/td><\/tr><tr><td>Cantussejar<\/td><td>taral\u00b7lar\u00e0<\/td><td>la la la<\/td><\/tr><tr><td>Plor<\/td><td class=\"translation-block\">u\u00e0<br>gu\u00e0<\/td><td>bu\u00e0\u00e0 bu\u00e0<\/td><\/tr><tr><td> Xuclada <\/td><td>eslurp<br>xrrup<br>xurp xurp<\/td><td>xup xup<\/td><\/tr><tr><td> Batec fort del cor<\/td><td>trip trap<\/td><td>tum tum tum<\/td><\/tr><tr><td>Esternut<\/td><td>atxim <\/td><td>atchim<\/td><\/tr><tr><td> Parla hip\u00f2crita<\/td><td>nyeu nyeu<\/td><td>nhem nhem<\/td><\/tr><tr><td>Gemec<\/td><td>nyic nyic<\/td><td>ai<br>aahh<br>ui<\/td><\/tr><tr><td>Irritaci\u00f3 <\/td><td>nyic nyic<\/td><td>grrr<br>pfff<\/td><\/tr><tr><td>Masticaci\u00f3<\/td><td>nyam nyam<\/td><td>nyoc <br>nyac<br>nyec<\/td><\/tr><tr><td>Pet<\/td><td>prut<\/td><td>pum<\/td><\/tr><tr><td> Trepitjada<\/td><td>tris tras<\/td><td>clack clack<br>tap tap<\/td><\/tr><tr><td>Rialla<\/td><td>ha ha ha<\/td><td>qu\u00e0 qu\u00e0 qu\u00e0<br>ha ha ha<br>kkkkk<br> r\u00e9 r\u00e9 <br>ih ih ih<\/td><\/tr><tr><td> Rialla ir\u00f2nica <\/td><td>he he he<\/td><td>he he he<\/td><\/tr><tr><td> Ronc<\/td><td>rrr<br>rau rau<\/td><td>ronc ronc<\/td><\/tr><tr><td>Singlot<\/td><td>hic<br>hip<\/td><td>hic <br>eeek<\/td><\/tr><tr><td>Sospir<\/td><td>ah<br>ai<br>arf<br>oh<br>uf<br>pffff<\/td><td>ai ai<br>ufa<\/td><\/tr><tr><td>Tos<\/td><td>ehem<br>tsut<\/td><td>cof cof<br>oss<br>uss<\/td><\/tr><\/tbody><\/table><\/figure>\n\n\n\n<div style=\"height:15px\" aria-hidden=\"true\" class=\"wp-block-spacer\"><\/div>\n\n\n\n<p class=\"has-text-align-center\"><strong>Instruments musicals<\/strong> &#8211; <strong>Comparaci\u00f3 dels sons entre el portugu\u00e8s i el catal\u00e0<\/strong><\/p>\n\n\n\n<figure class=\"wp-block-table\"><table><tbody><tr><td class=\"has-text-align-center\" data-align=\"center\"><strong>Instrument<\/strong><\/td><td class=\"has-text-align-center\" data-align=\"center\"><strong>Catal\u00e0<\/strong><\/td><td class=\"has-text-align-center\" data-align=\"center\"><strong>Portugu\u00e8s<\/strong><\/td><\/tr><tr><td class=\"has-text-align-center\" data-align=\"center\">Cascavell<\/td><td class=\"has-text-align-center\" data-align=\"center\">ting ting<\/td><td class=\"has-text-align-center\" data-align=\"center\">tlin tlin<\/td><\/tr><tr><td class=\"has-text-align-center\" data-align=\"center\">Clarinet<\/td><td class=\"has-text-align-center\" data-align=\"center\">tarar\u00e0<br>tururut<\/td><td class=\"has-text-align-center\" data-align=\"center\">clee<br>nii<br>zuuu<br>trrr<\/td><\/tr><tr><td class=\"has-text-align-center\" data-align=\"center\">Contrabaix<\/td><td class=\"has-text-align-center\" data-align=\"center\">bling blong<\/td><td class=\"has-text-align-center\" data-align=\"center\">bom<br>nyom<br>ziiii<br>crem<\/td><\/tr><tr><td class=\"has-text-align-center\" data-align=\"center\">Corneta<\/td><td class=\"has-text-align-center\" data-align=\"center\">tatat\u00e0 tarar\u00e0 <\/td><td class=\"has-text-align-center\" data-align=\"center\">tarar\u00e0<br>tatat\u00e0<\/td><\/tr><tr><td class=\"has-text-align-center\" data-align=\"center\">Flauta<\/td><td class=\"has-text-align-center\" data-align=\"center\">tirurit <br>titut\u00ed<\/td><td class=\"has-text-align-center\" data-align=\"center\">piii<br>fiu<br>suuu<br>trrr<\/td><\/tr><tr><td class=\"has-text-align-center\" data-align=\"center\">Gaita<\/td><td class=\"has-text-align-center\" data-align=\"center\">tarari<br>tiroliro<\/td><td class=\"has-text-align-center\" data-align=\"center\">guita guita <br>fui fui<br>zum zum<\/td><\/tr><tr><td class=\"has-text-align-center\" data-align=\"center\">Guitarra<\/td><td class=\"has-text-align-center\" data-align=\"center\">rang catarrang<\/td><td class=\"has-text-align-center\" data-align=\"center\">twang<br>fuzz<br>wah-wah<\/td><\/tr><tr><td class=\"has-text-align-center\" data-align=\"center\">Piano<\/td><td class=\"has-text-align-center\" data-align=\"center\">clinc<br>clonc<\/td><td class=\"has-text-align-center\" data-align=\"center\">tin<br>tom<\/td><\/tr><tr><td class=\"has-text-align-center\" data-align=\"center\">Plats<\/td><td class=\"has-text-align-center\" data-align=\"center\">tatxam<br>tatxim<\/td><td class=\"has-text-align-center\" data-align=\"center\">bum<br>tss<br>crash<\/td><\/tr><tr><td class=\"has-text-align-center\" data-align=\"center\">Campana<\/td><td class=\"has-text-align-center\" data-align=\"center\">ding dang<br>ning nang<\/td><td class=\"has-text-align-center\" data-align=\"center\">ding dong<br>bl\u00e8m bl\u00e8m<br>bim bom<br>tlim tlim<\/td><\/tr><tr><td class=\"has-text-align-center\" data-align=\"center\">Tambor<\/td><td class=\"has-text-align-center\" data-align=\"center\">plaf <br>plam plam<br>rataplam<br>tampatantam<\/td><td class=\"has-text-align-center\" data-align=\"center\">ta<br>pa<br>rumbum<\/td><\/tr><tr><td class=\"has-text-align-center\" data-align=\"center\">Trompeta <\/td><td class=\"has-text-align-center\" data-align=\"center\">ta ta ta<\/td><td class=\"has-text-align-center\" data-align=\"center\">ta-ra-ta <br>pum<\/td><\/tr><tr><td class=\"has-text-align-center\" data-align=\"center\">Viol\u00ed<\/td><td class=\"has-text-align-center\" data-align=\"center\">nyigo nyigo<\/td><td class=\"has-text-align-center\" data-align=\"center\">tchirim<br>frim<\/td><\/tr><\/tbody><\/table><\/figure>\n\n\n\n<div style=\"height:15px\" aria-hidden=\"true\" class=\"wp-block-spacer\"><\/div>\n\n\n\n<p class=\"translation-block\">Comparaci\u00f3 de sons diversos entre el portugu\u00e8s i el catal\u00e0<\/p>\n\n\n\n<figure class=\"wp-block-table\"><table><tbody><tr><td class=\"has-text-align-center\" data-align=\"center\"><strong>Fet<\/strong><\/td><td class=\"has-text-align-center\" data-align=\"center\"><strong>Catal\u00e0<\/strong><\/td><td class=\"has-text-align-center\" data-align=\"center\"><strong>Portugu\u00e8s<\/strong><\/td><\/tr><tr><td class=\"has-text-align-center\" data-align=\"center\">Tocada de cl\u00e0xon<\/td><td class=\"has-text-align-center\" data-align=\"center\">piu piu<br>tronc tronc<\/td><td class=\"has-text-align-center\" data-align=\"center\">fom fom<br>bii bii bibi<\/td><\/tr><tr><td class=\"has-text-align-center\" data-align=\"center\">Cop a la porta<\/td><td class=\"has-text-align-center\" data-align=\"center\">toc toc<br>pic pic<\/td><td class=\"has-text-align-center\" data-align=\"center\">toc toc<\/td><\/tr><tr><td class=\"has-text-align-center\" data-align=\"center\">Un moviment molt r\u00e0pid<\/td><td class=\"has-text-align-center\" data-align=\"center\">zum<br>fiiiu<\/td><td class=\"has-text-align-center\" data-align=\"center\">tras<br>zas<br>zim zam<\/td><\/tr><tr><td class=\"has-text-align-center\" data-align=\"center\">L\u00edquid que degoteja<\/td><td class=\"has-text-align-center\" data-align=\"center\">tic tac<br>xip xap<br>repic pic<\/td><td class=\"has-text-align-center\" data-align=\"center\">clac <br>cloc<\/td><\/tr><tr><td class=\"has-text-align-center\" data-align=\"center\">Un objecte xocant contra alguna cosa<\/td><td class=\"has-text-align-center\" data-align=\"center\">boom<br>crash<br>bang<\/td><td class=\"has-text-align-center\" data-align=\"center\">plaf <br>plof<br>puf<br>xac<br>xap<\/td><\/tr><tr><td class=\"has-text-align-center\" data-align=\"center\">Objecte que es trenca<\/td><td class=\"has-text-align-center\" data-align=\"center\">crac<br>estrac<\/td><td class=\"has-text-align-center\" data-align=\"center\">catacrac<br>crac<br>crec<\/td><\/tr><tr><td class=\"has-text-align-center\" data-align=\"center\">Explosi\u00f3<\/td><td class=\"has-text-align-center\" data-align=\"center\">boom<br>bam <br>trum<\/td><td class=\"has-text-align-center\" data-align=\"center\">bum<br>pum<\/td><\/tr><tr><td class=\"has-text-align-center\" data-align=\"center\">Tret<\/td><td class=\"has-text-align-center\" data-align=\"center\">pam <br>bang<br>trac<\/td><td class=\"has-text-align-center\" data-align=\"center\">pam<br>pim pam<\/td><\/tr><tr><td class=\"has-text-align-center\" data-align=\"center\">Xiuxiu<\/td><td class=\"has-text-align-center\" data-align=\"center\">sss<br>xiuxiueig<\/td><td class=\"has-text-align-center\" data-align=\"center\">xiu xiu<\/td><\/tr><tr><td class=\"has-text-align-center\" data-align=\"center\">Efecte m\u00e0gic<\/td><td class=\"has-text-align-center\" data-align=\"center\">fum<br>zzzzzz<br>pop<br>abracadabra<\/td><td class=\"has-text-align-center\" data-align=\"center\">tatxan<\/td><\/tr><tr><td class=\"has-text-align-center\" data-align=\"center\">Tel\u00e8fon<\/td><td class=\"has-text-align-center\" data-align=\"center\">ring ring<\/td><td class=\"has-text-align-center\" data-align=\"center\">trim triim trriim<\/td><\/tr><tr><td class=\"has-text-align-center\" data-align=\"center\">Rellotge<\/td><td class=\"has-text-align-center\" data-align=\"center\">tic tac<\/td><td class=\"has-text-align-center\" data-align=\"center\">tic tac<\/td><\/tr><tr><td class=\"has-text-align-center\" data-align=\"center\">Motor en marxa<\/td><td class=\"has-text-align-center\" data-align=\"center\">brrr<br>rrrrrrr<\/td><td class=\"has-text-align-center\" data-align=\"center\">taf taf<\/td><\/tr><tr><td class=\"has-text-align-center\" data-align=\"center\">Teler<\/td><td class=\"has-text-align-center\" data-align=\"center\">catrac catrac<\/td><td class=\"has-text-align-center\" data-align=\"center\">catric catrac<\/td><\/tr><\/tbody><\/table><\/figure>\n\n\n\n<div style=\"height:15px\" aria-hidden=\"true\" class=\"wp-block-spacer\"><\/div>\n\n\n\n<p><\/p>\n\n\n\n<p><\/p>\n\n\n\n<p><\/p>","protected":false},"excerpt":{"rendered":"<p>Animais &#8211; Compara\u00e7\u00e3o dos sons entre o catal\u00e3o e o portugu\u00eas Animal Catal\u00e3o Portugu\u00eas Abelha zum zum zzzz bzzzz Andorinha txiriu-txiriutxi-txi pi pi pi Arara gu\u00e1 gu\u00e1screech arara Beija-flor bzzzzzzz tri tri tri Besouro zum zum zumzzzz zum zum zum Burro ih\u00e1 ih\u00e1ih\u00f3 ih\u00f3 inh\u00f3\u00f3\u00f3 inh\u00f3\u00f3\u00f3 Cabra b\u00e9\u00e9\u00e9 b\u00e9\u00e9\u00e9 Cachorro bup bup au au au&hellip; <a class=\"more-link\" href=\"https:\/\/palavras-i-paraules.com.br\/ca\/onomatopeias\/\">Continueu llegint <span class=\"screen-reader-text\">Onomatopeies<\/span><\/a><\/p>","protected":false},"author":9,"featured_media":0,"parent":0,"menu_order":0,"comment_status":"closed","ping_status":"closed","template":"","meta":{"footnotes":""},"class_list":["post-6149","page","type-page","status-publish","hentry","entry"],"_links":{"self":[{"href":"https:\/\/palavras-i-paraules.com.br\/ca\/wp-json\/wp\/v2\/pages\/6149","targetHints":{"allow":["GET"]}}],"collection":[{"href":"https:\/\/palavras-i-paraules.com.br\/ca\/wp-json\/wp\/v2\/pages"}],"about":[{"href":"https:\/\/palavras-i-paraules.com.br\/ca\/wp-json\/wp\/v2\/types\/page"}],"author":[{"embeddable":true,"href":"https:\/\/palavras-i-paraules.com.br\/ca\/wp-json\/wp\/v2\/users\/9"}],"replies":[{"embeddable":true,"href":"https:\/\/palavras-i-paraules.com.br\/ca\/wp-json\/wp\/v2\/comments?post=6149"}],"version-history":[{"count":21,"href":"https:\/\/palavras-i-paraules.com.br\/ca\/wp-json\/wp\/v2\/pages\/6149\/revisions"}],"predecessor-version":[{"id":6173,"href":"https:\/\/palavras-i-paraules.com.br\/ca\/wp-json\/wp\/v2\/pages\/6149\/revisions\/6173"}],"wp:attachment":[{"href":"https:\/\/palavras-i-paraules.com.br\/ca\/wp-json\/wp\/v2\/media?parent=6149"}],"curies":[{"name":"wp","href":"https:\/\/api.w.org\/{rel}","templated":true}]}}